{"id":210,"date":"2020-02-04T05:20:15","date_gmt":"2020-02-04T05:20:15","guid":{"rendered":"https:\/\/demosites.io\/architecture-gb\/?page_id=210"},"modified":"2024-02-24T00:03:37","modified_gmt":"2024-02-23T21:03:37","slug":"team","status":"publish","type":"page","link":"https:\/\/www.mccann.com.tr\/index.php\/team\/","title":{"rendered":"Team"},"content":{"rendered":"\n<section id=\"wp-block-themeisle-blocks-advanced-columns-953634cd\" class=\"wp-block-themeisle-blocks-advanced-columns alignfull has-1-columns has-desktop-equal-layout has-tablet-equal-layout has-mobile-equal-layout has-vertical-flex-start has-light-bg\"><div class=\"wp-block-themeisle-blocks-advanced-columns-overlay\"><\/div><div class=\"innerblocks-wrap\">\n<div id=\"wp-block-themeisle-blocks-advanced-column-4316d84f\" class=\"wp-block-themeisle-blocks-advanced-column\">\n<section id=\"wp-block-themeisle-blocks-advanced-columns-7b2bfbc9\" class=\"wp-block-themeisle-blocks-advanced-columns has-1-columns has-desktop-equal-layout has-tablet-equal-layout has-mobile-equal-layout has-vertical-flex-start\"><div class=\"wp-block-themeisle-blocks-advanced-columns-overlay\"><\/div><div class=\"innerblocks-wrap\">\n<div id=\"wp-block-themeisle-blocks-advanced-column-5f9ce3cc\" class=\"wp-block-themeisle-blocks-advanced-column\">\n<h6 id=\"wp-block-themeisle-blocks-advanced-heading-b996d7c8\" class=\"wp-block-themeisle-blocks-advanced-heading wp-block-themeisle-blocks-advanced-heading-b996d7c8\"><strong>Mccann Istanbul<\/strong><\/h6>\n\n\n\n<h2 id=\"wp-block-themeisle-blocks-advanced-heading-64482a96\" class=\"wp-block-themeisle-blocks-advanced-heading wp-block-themeisle-blocks-advanced-heading-64482a96\">TEAM<\/h2>\n<\/div>\n<\/div><\/section>\n\n\n\n<div id=\"wp-block-themeisle-blocks-advanced-columns-73645004\" class=\"wp-block-themeisle-blocks-advanced-columns has-3-columns has-desktop-equal-layout has-tablet-equal-layout has-mobile-collapsedRows-layout has-vertical-unset\"><div class=\"wp-block-themeisle-blocks-advanced-columns-overlay\"><\/div><div class=\"innerblocks-wrap\">\n<div id=\"wp-block-themeisle-blocks-advanced-column-828657b3\" class=\"wp-block-themeisle-blocks-advanced-column animated fadeInUp slow\">\n<figure class=\"wp-block-image size-full\"><img loading=\"lazy\" decoding=\"async\" width=\"360\" height=\"400\" src=\"https:\/\/mccann.com.tr\/wp-content\/uploads\/2024\/02\/elifsu-1.png\" alt=\"\" class=\"wp-image-753\" srcset=\"https:\/\/www.mccann.com.tr\/wp-content\/uploads\/2024\/02\/elifsu-1.png 360w, https:\/\/www.mccann.com.tr\/wp-content\/uploads\/2024\/02\/elifsu-1-270x300.png 270w\" sizes=\"(max-width: 360px) 100vw, 360px\" \/><\/figure>\n\n\n\n<div style=\"height:16px\" aria-hidden=\"true\" class=\"wp-block-spacer\"><\/div>\n\n\n\n<h3 id=\"wp-block-themeisle-blocks-advanced-heading-94b88937\" class=\"wp-block-themeisle-blocks-advanced-heading wp-block-themeisle-blocks-advanced-heading-94b88937\">Elifsu TuFan<\/h3>\n\n\n\n<h5 id=\"wp-block-themeisle-blocks-advanced-heading-39e559ed\" class=\"wp-block-themeisle-blocks-advanced-heading wp-block-themeisle-blocks-advanced-heading-39e559ed\">ceo<\/h5>\n<\/div>\n\n\n\n<div id=\"wp-block-themeisle-blocks-advanced-column-29eecd08\" class=\"wp-block-themeisle-blocks-advanced-column animated fadeInUp delay-100ms slow\">\n<figure class=\"wp-block-image size-full\"><img loading=\"lazy\" decoding=\"async\" width=\"360\" height=\"400\" src=\"https:\/\/mccann.com.tr\/wp-content\/uploads\/2024\/02\/emir-1.png\" alt=\"\" class=\"wp-image-754\" srcset=\"https:\/\/www.mccann.com.tr\/wp-content\/uploads\/2024\/02\/emir-1.png 360w, https:\/\/www.mccann.com.tr\/wp-content\/uploads\/2024\/02\/emir-1-270x300.png 270w\" sizes=\"(max-width: 360px) 100vw, 360px\" \/><\/figure>\n\n\n\n<div style=\"height:16px\" aria-hidden=\"true\" class=\"wp-block-spacer\"><\/div>\n\n\n\n<h3 id=\"wp-block-themeisle-blocks-advanced-heading-b652dd68\" class=\"wp-block-themeisle-blocks-advanced-heading wp-block-themeisle-blocks-advanced-heading-b652dd68\">Emir y\u00fcksel<\/h3>\n\n\n\n<h5 id=\"wp-block-themeisle-blocks-advanced-heading-e3e37ef0\" class=\"wp-block-themeisle-blocks-advanced-heading wp-block-themeisle-blocks-advanced-heading-e3e37ef0\">ecd<\/h5>\n<\/div>\n\n\n\n<div id=\"wp-block-themeisle-blocks-advanced-column-58ec59ec\" class=\"wp-block-themeisle-blocks-advanced-column animated fadeInUp delay-200ms slow\">\n<figure class=\"wp-block-image size-full\"><img loading=\"lazy\" decoding=\"async\" width=\"360\" height=\"400\" src=\"https:\/\/mccann.com.tr\/wp-content\/uploads\/2024\/02\/tulu-1.png\" alt=\"\" class=\"wp-image-755\" srcset=\"https:\/\/www.mccann.com.tr\/wp-content\/uploads\/2024\/02\/tulu-1.png 360w, https:\/\/www.mccann.com.tr\/wp-content\/uploads\/2024\/02\/tulu-1-270x300.png 270w\" sizes=\"(max-width: 360px) 100vw, 360px\" \/><\/figure>\n\n\n\n<div style=\"height:16px\" aria-hidden=\"true\" class=\"wp-block-spacer\"><\/div>\n\n\n\n<h3 id=\"wp-block-themeisle-blocks-advanced-heading-55116cd3\" class=\"wp-block-themeisle-blocks-advanced-heading wp-block-themeisle-blocks-advanced-heading-55116cd3\">tulu karag\u00f6z<\/h3>\n\n\n\n<h5 id=\"wp-block-themeisle-blocks-advanced-heading-9c23667e\" class=\"wp-block-themeisle-blocks-advanced-heading wp-block-themeisle-blocks-advanced-heading-9c23667e\">cfo<\/h5>\n<\/div>\n<\/div><\/div>\n\n\n\n<div id=\"wp-block-themeisle-blocks-advanced-columns-95b5d45a\" class=\"wp-block-themeisle-blocks-advanced-columns has-3-columns has-desktop-equal-layout has-tablet-equal-layout has-mobile-collapsedRows-layout has-vertical-unset\"><div class=\"wp-block-themeisle-blocks-advanced-columns-overlay\"><\/div><div class=\"innerblocks-wrap\">\n<div id=\"wp-block-themeisle-blocks-advanced-column-2d8fc8f8\" class=\"wp-block-themeisle-blocks-advanced-column animated fadeInUp slow\">\n<figure class=\"wp-block-image size-full\"><img loading=\"lazy\" decoding=\"async\" width=\"360\" height=\"400\" src=\"https:\/\/mccann.com.tr\/wp-content\/uploads\/2024\/02\/funda-1.png\" alt=\"\" class=\"wp-image-756\" srcset=\"https:\/\/www.mccann.com.tr\/wp-content\/uploads\/2024\/02\/funda-1.png 360w, https:\/\/www.mccann.com.tr\/wp-content\/uploads\/2024\/02\/funda-1-270x300.png 270w\" sizes=\"(max-width: 360px) 100vw, 360px\" \/><\/figure>\n\n\n\n<div style=\"height:16px\" aria-hidden=\"true\" class=\"wp-block-spacer\"><\/div>\n\n\n\n<h3 id=\"wp-block-themeisle-blocks-advanced-heading-9cb09faf\" class=\"wp-block-themeisle-blocks-advanced-heading wp-block-themeisle-blocks-advanced-heading-9cb09faf\">funda herg\u00fcl<\/h3>\n\n\n\n<h5 id=\"wp-block-themeisle-blocks-advanced-heading-e3c7908f\" class=\"wp-block-themeisle-blocks-advanced-heading wp-block-themeisle-blocks-advanced-heading-e3c7908f\">head of bus\u0131ness lead<\/h5>\n<\/div>\n\n\n\n<div id=\"wp-block-themeisle-blocks-advanced-column-48633b4e\" class=\"wp-block-themeisle-blocks-advanced-column animated fadeInUp delay-100ms slow\">\n<figure class=\"wp-block-image size-full\"><img loading=\"lazy\" decoding=\"async\" width=\"360\" height=\"400\" src=\"https:\/\/mccann.com.tr\/wp-content\/uploads\/2024\/02\/zeynep-1.png\" alt=\"\" class=\"wp-image-757\" srcset=\"https:\/\/www.mccann.com.tr\/wp-content\/uploads\/2024\/02\/zeynep-1.png 360w, https:\/\/www.mccann.com.tr\/wp-content\/uploads\/2024\/02\/zeynep-1-270x300.png 270w\" sizes=\"(max-width: 360px) 100vw, 360px\" \/><\/figure>\n\n\n\n<div style=\"height:16px\" aria-hidden=\"true\" class=\"wp-block-spacer\"><\/div>\n\n\n\n<h3 id=\"wp-block-themeisle-blocks-advanced-heading-963d9c51\" class=\"wp-block-themeisle-blocks-advanced-heading wp-block-themeisle-blocks-advanced-heading-963d9c51\">zeynep ya\u011fc\u0131 y\u0131ld\u0131zl\u0131<\/h3>\n\n\n\n<h5 id=\"wp-block-themeisle-blocks-advanced-heading-e7429eb1\" class=\"wp-block-themeisle-blocks-advanced-heading wp-block-themeisle-blocks-advanced-heading-e7429eb1\">Head of Strategy<\/h5>\n<\/div>\n\n\n\n<div id=\"wp-block-themeisle-blocks-advanced-column-96f58c9e\" class=\"wp-block-themeisle-blocks-advanced-column animated fadeInUp delay-200ms slow\">\n<figure style=\"display:none;\" class=\"wp-block-image size-large\"><img loading=\"lazy\" decoding=\"async\" width=\"360\" height=\"400\" src=\"https:\/\/demo.borayazilim.net\/wp-content\/uploads\/2019\/07\/neve-architect-demo-27.jpg\" alt=\"\" class=\"wp-image-158\" srcset=\"https:\/\/www.mccann.com.tr\/wp-content\/uploads\/2019\/07\/neve-architect-demo-27.jpg 360w, https:\/\/www.mccann.com.tr\/wp-content\/uploads\/2019\/07\/neve-architect-demo-27-270x300.jpg 270w\" sizes=\"(max-width: 360px) 100vw, 360px\" \/><\/figure>\n\n\n\n<div style=\"height:16px\" aria-hidden=\"true\" class=\"wp-block-spacer\"><\/div>\n\n\n\n<h3 style=\"display:none;\" id=\"wp-block-themeisle-blocks-advanced-heading-2c2936ee\" class=\"wp-block-themeisle-blocks-advanced-heading wp-block-themeisle-blocks-advanced-heading-2c2936ee\">tulu karag\u00f6z<\/h3>\n\n\n\n<h5 style=\"display:none;\" id=\"wp-block-themeisle-blocks-advanced-heading-3fce7948\" class=\"wp-block-themeisle-blocks-advanced-heading wp-block-themeisle-blocks-advanced-heading-3fce7948\">cfo<\/h5>\n\n\n<\/div>\n<\/div><\/div>\n<\/div>\n<\/div><\/section>\n","protected":false},"excerpt":{"rendered":"","protected":false},"author":1,"featured_media":0,"parent":0,"menu_order":0,"comment_status":"closed","ping_status":"closed","template":"page-templates\/template-pagebuilder-full-width.php","meta":{"neve_meta_sidebar":"full-width","neve_meta_container":"","neve_meta_enable_content_width":"on","neve_meta_content_width":100,"neve_meta_title_alignment":"","neve_meta_author_avatar":"","neve_post_elements_order":"","neve_meta_disable_header":"","neve_meta_disable_footer":"","neve_meta_disable_title":"","_themeisle_gutenberg_block_has_review":false,"_ti_tpc_template_sync":false,"_ti_tpc_template_id":"ybndyh5pdhh36si3f8ed","footnotes":""},"class_list":["post-210","page","type-page","status-publish","hentry"],"_links":{"self":[{"href":"https:\/\/www.mccann.com.tr\/index.php\/wp-json\/wp\/v2\/pages\/210"}],"collection":[{"href":"https:\/\/www.mccann.com.tr\/index.php\/wp-json\/wp\/v2\/pages"}],"about":[{"href":"https:\/\/www.mccann.com.tr\/index.php\/wp-json\/wp\/v2\/types\/page"}],"author":[{"embeddable":true,"href":"https:\/\/www.mccann.com.tr\/index.php\/wp-json\/wp\/v2\/users\/1"}],"replies":[{"embeddable":true,"href":"https:\/\/www.mccann.com.tr\/index.php\/wp-json\/wp\/v2\/comments?post=210"}],"version-history":[{"count":16,"href":"https:\/\/www.mccann.com.tr\/index.php\/wp-json\/wp\/v2\/pages\/210\/revisions"}],"predecessor-version":[{"id":808,"href":"https:\/\/www.mccann.com.tr\/index.php\/wp-json\/wp\/v2\/pages\/210\/revisions\/808"}],"wp:attachment":[{"href":"https:\/\/www.mccann.com.tr\/index.php\/wp-json\/wp\/v2\/media?parent=210"}],"curies":[{"name":"wp","href":"https:\/\/api.w.org\/{rel}","templated":true}]}}